{"id":312,"date":"2024-11-13T01:08:16","date_gmt":"2024-11-13T01:08:16","guid":{"rendered":"http:\/\/blog.99massagem.com.br\/?page_id=312"},"modified":"2024-11-13T01:08:39","modified_gmt":"2024-11-13T01:08:39","slug":"privacidade-e-cookies","status":"publish","type":"page","link":"https:\/\/99massagem.com.br\/artigos\/privacidade-e-cookies","title":{"rendered":"Privacidade e Cookies"},"content":{"rendered":"<p>A sua privacidade \u00e9 fundamental para n\u00f3s, e no 99massagem, estamos comprometidos em proteger e respeitar as informa\u00e7\u00f5es pessoais dos nossos visitantes. Esta Pol\u00edtica de Privacidade e Cookies explica como coletamos, utilizamos e protegemos seus dados, al\u00e9m de como utilizamos cookies para melhorar sua experi\u00eancia em nosso site.<\/p>\n<h2>1. Informa\u00e7\u00f5es que coletamos<\/h2>\n<p>Coletamos informa\u00e7\u00f5es dos usu\u00e1rios de maneira transparente e segura para oferecer um conte\u00fado cada vez mais relevante. Os dados que podemos coletar incluem:<\/p>\n<ul>\n<li><strong>Informa\u00e7\u00f5es fornecidas pelo usu\u00e1rio<\/strong>: ao assinar nossa newsletter, fazer coment\u00e1rios ou entrar em contato, podemos coletar dados como nome, e-mail e outras informa\u00e7\u00f5es que voc\u00ea nos fornece diretamente.<\/li>\n<li><strong>Dados de navega\u00e7\u00e3o<\/strong>: coletamos informa\u00e7\u00f5es sobre como voc\u00ea utiliza nosso site, como p\u00e1ginas visitadas, tempo de navega\u00e7\u00e3o e links clicados. Isso nos ajuda a entender seu comportamento e prefer\u00eancias, permitindo que possamos aprimorar nossos conte\u00fados e a experi\u00eancia do usu\u00e1rio.<\/li>\n<\/ul>\n<h2>\u200b2. Uso de suas informa\u00e7\u00f5es<\/h2>\n<p>As informa\u00e7\u00f5es coletadas s\u00e3o usadas exclusivamente para:<\/p>\n<ul>\n<li>Enviar comunica\u00e7\u00f5es relevantes, como nossa newsletter, com seu consentimento;<\/li>\n<li>Melhorar a qualidade e a relev\u00e2ncia dos nossos conte\u00fados e servi\u00e7os;<\/li>\n<li>Analisar a navega\u00e7\u00e3o no site para aprimorar a experi\u00eancia dos usu\u00e1rios.<\/li>\n<\/ul>\n<h2>3. Compartilhamento de informa\u00e7\u00f5es com terceiros<\/h2>\n<p>N\u00e3o compartilhamos, vendemos ou alugamos suas informa\u00e7\u00f5es pessoais com terceiros, exceto em casos espec\u00edficos, como exigido por lei ou para proteger nossos direitos legais. Quando necess\u00e1rio, trabalhamos com parceiros de confian\u00e7a que seguem nossos padr\u00f5es de seguran\u00e7a e confidencialidade.<\/p>\n<h2>4. Pol\u00edtica de Cookies 99massagem<\/h2>\n<p>Esta p\u00e1gina descreve quais informa\u00e7\u00f5es coletamos, como as usamos e por que \u00e0s vezes precisamos armazenar cookies. Tamb\u00e9m compartilharemos como voc\u00ea pode impedir que esses cookies sejam armazenados, no entanto, isso pode rebaixar ou &#8216;quebrar&#8217; certos elementos da funcionalidade do site.<\/p>\n<h3>O que s\u00e3o cookies?<\/h3>\n<p>Cookies s\u00e3o pequenos arquivos que s\u00e3o baixados em seu computador ou outro dispositivo que use para navegar em nosso site. A maioria dos sites usam cookies. Normalmente, um cookie inclui as seguintes informa\u00e7\u00f5es: o nome do site de onde ele veio; quanto tempo o cookie ficar\u00e1 no seu computador ou dispositivo; e um valor (geralmente um n\u00famero \u00fanico gerado aleatoriamente). Alguns cookies podem incluir dados adicionais, em particular relacionados ao seu fuso hor\u00e1rio ou idioma usado para navega\u00e7\u00e3o.<\/p>\n<h3>Que tipo de cookies usamos?<\/h3>\n<p>Alguns cookies est\u00e3o sempre ligados quando voc\u00ea nos visita, e voc\u00ea n\u00e3o pode deslig\u00e1-los a menos que voc\u00ea altere as configura\u00e7\u00f5es do seu navegador. Chamamos esses de cookies necess\u00e1rios. N\u00f3s os usamos para garantir que nossos servi\u00e7os digitais funcionem corretamente e permitam o uso de funcionalidades, como login do usu\u00e1rio e gerenciamento de contas.<\/p>\n<p>Tamb\u00e9m usamos cookies funcionais para tornar sua experi\u00eancia mais amig\u00e1vel, em particular para lembrar e armazenar suas informa\u00e7\u00f5es em nossos sites e personalizar o conte\u00fado de nossos servi\u00e7os.<\/p>\n<p>Tamb\u00e9m usamos cookies de desempenho para observar como nossos servi\u00e7os s\u00e3o usados e obter estat\u00edsticas do uso.<\/p>\n<p>Tamb\u00e9m usamos cookies de terceiros. Esses cookies podem rastrear como voc\u00ea usa sites diferentes, incluindo o nosso. Por exemplo, voc\u00ea pode obter os cookies de uma empresa de m\u00eddia social quando voc\u00ea registrou em nosso site usando um plugin de m\u00eddia social. Caso deseje, voc\u00ea pode desativar esses cookies.<\/p>\n<p>Cookies de marketing usados para publicidade direcionada. Caso deseje, voc\u00ea pode desativar esses cookies.<\/p>\n<h3 class=\"h6 u-mt-30\">Como usamos Cookies?<\/h3>\n<p>Usamos cookies por uma variedade de raz\u00f5es detalhadas abaixo. Para aproveitar melhor o nosso site, recomendamos que voc\u00ea configure seu dispositivo para aceitar todos os cookies. No entanto, usando as configura\u00e7\u00f5es do seu dispositivo, voc\u00ea pode desativar ou limitar certos tipos de cookies.<\/p>\n<ul>\n<li>Fornecer-lhe uma melhor experi\u00eancia: Os cookies s\u00e3o usados para uma s\u00e9rie de coisas que ajudam a melhorar sua experi\u00eancia online. Eles podem ajudar de diferentes maneiras, incluindo, mas n\u00e3o limitado \u00e0: garantir que nossos sites carreguem mais r\u00e1pido, mant\u00ea-lo conectado, mesmo em diferentes dispositivos, tornando os logins mais r\u00e1pidos e acess\u00edveis lembrando seus dados, lembrando a maneira como voc\u00ea usou nosso servi\u00e7o anteriormente, permitindo que voc\u00ea agende uma consulta com um m\u00e9dico de forma mais r\u00e1pida e acess\u00edvel, ou certificando-se de que nossas p\u00e1ginas s\u00e3o otimizadas para o seu navegador ou dispositivo.<\/li>\n<li>Ajuste nossos servi\u00e7os \u00e0s suas prefer\u00eancias: Os cookies podem nos ajudar a apresentar-lhe conte\u00fado que atenda aos seus interesses e prefer\u00eancias. Os cookies tamb\u00e9m nos ajudam a personalizar nosso site para voc\u00ea.<\/li>\n<li>Aprimore a seguran\u00e7a: Usamos alguns cookies para garantir a seguran\u00e7a de nossa plataforma.<\/li>\n<li>Melhorando nossos sites: Usamos cookies para melhorar nossos servi\u00e7os e para prever a maneira como os usu\u00e1rios usam nossos sites e torna-lo melhor para nossos usu\u00e1rio.<\/li>\n<li>Marketing usamos alguns cookies para fornecer an\u00fancios de nossos servi\u00e7os. Usamos esses cookies em coopera\u00e7\u00e3o com nossos parceiros de marketing (Google e Facebook).<\/li>\n<\/ul>\n<h3 class=\"h6 u-mt-30\">Cookies de terceiros<\/h3>\n<p>Usamos Cookies de Terceiros para perseguir nossos interesses leg\u00edtimos e tornar nossos sites melhores para nossos usu\u00e1rios.<\/p>\n<ul>\n<li>Usamos o Google Analytics. O Google Analytics \u00e9 amplamente utilizado por sites em todo o mundo. Esta ferramenta nos ajuda a entender, prever e ajustar nossos sites para nossos usu\u00e1rios e nos ajuda a gerenciar nossas bases de dados e melhorar nosso SEO.<\/li>\n<li>Tamb\u00e9m usamos cookies de terceiros para medir o uso do nosso site, em particular esses cookies podem registrar quanto tempo voc\u00ea gasta em nosso site e como voc\u00ea navega.<\/li>\n<li>Tamb\u00e9m usamos cookies de terceiros para testar nossos novos recursos e produtos. Esses cookies nos ajudam a garantir que voc\u00ea receba uma experi\u00eancia consistente de nossos servi\u00e7os.<\/li>\n<li>Tamb\u00e9m usamos bot\u00f5es de m\u00eddia social e\/ou plugins neste site que permitem que voc\u00ea se conecte com sua rede social de v\u00e1rias maneiras. Para que estes trabalhem nos seguintes sites de m\u00eddia social, incluindo; Google, Facebook definir\u00e1 cookies atrav\u00e9s do nosso site que podem ser usados para melhorar seu perfil em seu site ou contribuir para os dados que possuem para v\u00e1rios prop\u00f3sitos descritos em suas respectivas pol\u00edticas de privacidade.<\/li>\n<li>Usamos solu\u00e7\u00f5es t\u00e9cnicas fornecidas pelo Facebook e Google para melhor adaptar nossos servi\u00e7os e oferecer-lhe uma melhor experi\u00eancia ao usu\u00e1rio.<\/li>\n<\/ul>\n<h3 class=\"h6 u-mt-30\">Quanto tempo armazenamos cookies?<\/h3>\n<p>Dependendo do tipo de cookie, alguns deles s\u00e3o armazenados durante um curto per\u00edodo de tempo, enquanto outros s\u00e3o armazenados por per\u00edodos mais longos. Abaixo voc\u00ea encontrar\u00e1 informa\u00e7\u00f5es mais detalhadas.<\/p>\n<p>Cookies de acesso &#8211; esses cookies duram apenas durante um acesso e s\u00e3o exclu\u00eddos automaticamente quando voc\u00ea fecha seu navegador.<\/p>\n<p>Cookies persistentes &#8211; esses cookies permanecem tamb\u00e9m se o seu navegador foi fechado ou seu dispositivo foi desligado e est\u00e1 ativo por um per\u00edodo de tempo definido no cookie. Usamos cookies persistentes quando precisamos saber quem voc\u00ea \u00e9 para mais de uma sess\u00e3o de navega\u00e7\u00e3o. Por exemplo, usamos-nas para lembrar suas prefer\u00eancias para a pr\u00f3xima vez que voc\u00ea visitar ou caso tenha realizado o agendamento de uma consulta.<\/p>\n<h3 class=\"h6 u-mt-30\">Desabilitando cookies<\/h3>\n<p>Voc\u00ea pode impedir a configura\u00e7\u00e3o de cookies ajustando as configura\u00e7\u00f5es do seu navegador &#8211; voc\u00ea pode encontrar instru\u00e7\u00f5es sobre como faz\u00ea-lo na tabela abaixo. Esteja ciente de que a desativa\u00e7\u00e3o de cookies afetar\u00e1 a funcionalidade deste e de muitos outros sites que voc\u00ea visitar. A desativa\u00e7\u00e3o de cookies geralmente resultar\u00e1 em tamb\u00e9m desativar certas funcionalidades e recursos de nossos servi\u00e7os. Portanto, recomenda-se que voc\u00ea n\u00e3o desabilite cookies para n\u00e3o prejudicar as funcionalidades. Caso deseje faz\u00ea-lo poder\u00e1 gerenci\u00e1-los da seguinte forma:<\/p>\n<table class=\"c-table u-text-xsmall u-mt-30\" style=\"height: 329px;\" width=\"1403\">\n<thead>\n<tr>\n<th>Navegador<\/th>\n<th>Link para configura\u00e7\u00f5es<\/th>\n<th>Como voc\u00ea pode gerenciar cookies<\/th>\n<\/tr>\n<\/thead>\n<tbody>\n<tr>\n<td>Google Chrome<\/td>\n<td><a href=\"https:\/\/support.google.com\/chrome\/answer\/95647?hl=en-GB&amp;p=cpn_cookies\">https:\/\/support.google.com\/chrome\/answer\/95647?hl=en-GB&amp;p=cpn_cookies<\/a><\/td>\n<td>Voc\u00ea deve clicar em tr\u00eas pontos que est\u00e3o no canto superior do lado direito e abrir &#8220;configura\u00e7\u00f5es&#8221;. No site de configura\u00e7\u00e3o clique em &#8220;seguran\u00e7a e privacidade&#8221; para gerenciar cookies.<\/td>\n<\/tr>\n<tr>\n<td>Safari<\/td>\n<td>https:\/\/support.apple.com\/en-us\/HT201265<\/td>\n<td>Voc\u00ea deve ir para a p\u00e1gina de configura\u00e7\u00f5es &#8220;prefer\u00eancias&#8221; e clicar em &#8220;seguran\u00e7a&#8221;. Na se\u00e7\u00e3o &#8220;seguran\u00e7a&#8221; voc\u00ea pode gerenciar seus cookies.<\/td>\n<\/tr>\n<tr>\n<td>Microsoft Edge<\/td>\n<td>https:\/\/support.microsoft.com\/en-us\/search?query=enable%20cookies%20in%20edge<\/td>\n<td>Voc\u00ea deve clicar em tr\u00eas pontos que est\u00e3o no canto superior do lado direito e abrir &#8220;configura\u00e7\u00f5es&#8221;. No site de configura\u00e7\u00e3o clique em &#8220;privacidade, pesquisa e servi\u00e7os&#8221; para gerenciar cookies.<\/td>\n<\/tr>\n<tr>\n<td>Mozilla Firefox<\/td>\n<td>https:\/\/support.mozilla.org\/en-US\/kb\/websites-say-cookies-are-blocked-unblock-them<\/td>\n<td>Voc\u00ea deve clicar em tr\u00eas barras que est\u00e3o no canto superior do lado direito e abrir &#8220;op\u00e7\u00f5es&#8221;. No site de op\u00e7\u00f5es clique em &#8220;seguran\u00e7a e privacidade&#8221; para gerenciar cookies.<\/td>\n<\/tr>\n<\/tbody>\n<\/table>\n<h3 class=\"h6 u-mt-30\">Mais informa\u00e7\u00f5es<\/h3>\n<p>Esperamos que todas as informa\u00e7\u00f5es fornecidas nestas informa\u00e7\u00f5es sejam \u00fateis para voc\u00ea. Se voc\u00ea quiser obter mais informa\u00e7\u00f5es, voc\u00ea pode entrar em contato conosco atrav\u00e9s de nosso e-mail contato@99massagem.com.br<\/p>\n","protected":false},"excerpt":{"rendered":"<p>A sua privacidade \u00e9 fundamental para n\u00f3s, e no 99massagem, estamos comprometidos em proteger e respeitar as informa\u00e7\u00f5es pessoais dos nossos visitantes. Esta Pol\u00edtica de Privacidade e Cookies explica como coletamos, utilizamos e protegemos seus dados, al\u00e9m de como utilizamos cookies para melhorar sua experi\u00eancia em nosso site. 1. Informa\u00e7\u00f5es que coletamos Coletamos informa\u00e7\u00f5es dos [&hellip;]<\/p>\n","protected":false},"author":1,"featured_media":0,"parent":0,"menu_order":0,"comment_status":"closed","ping_status":"closed","template":"","meta":{"footnotes":""},"class_list":["post-312","page","type-page","status-publish","hentry"],"yoast_head":"<!-- This site is optimized with the Yoast SEO plugin v27.5 - https:\/\/yoast.com\/product\/yoast-seo-wordpress\/ -->\n<title>Privacidade e Cookies - 99massagem<\/title>\n<meta name=\"robots\" content=\"noindex, follow\" \/>\n<meta property=\"og:locale\" content=\"pt_BR\" \/>\n<meta property=\"og:type\" content=\"article\" \/>\n<meta property=\"og:title\" content=\"Privacidade e Cookies - 99massagem\" \/>\n<meta property=\"og:description\" content=\"A sua privacidade \u00e9 fundamental para n\u00f3s, e no 99massagem, estamos comprometidos em proteger e respeitar as informa\u00e7\u00f5es pessoais dos nossos visitantes. Esta Pol\u00edtica de Privacidade e Cookies explica como coletamos, utilizamos e protegemos seus dados, al\u00e9m de como utilizamos cookies para melhorar sua experi\u00eancia em nosso site. 1. Informa\u00e7\u00f5es que coletamos Coletamos informa\u00e7\u00f5es dos [&hellip;]\" \/>\n<meta property=\"og:url\" content=\"https:\/\/99massagem.com.br\/artigos\/privacidade-e-cookies\" \/>\n<meta property=\"og:site_name\" content=\"99massagem\" \/>\n<meta property=\"article:modified_time\" content=\"2024-11-13T01:08:39+00:00\" \/>\n<meta name=\"twitter:card\" content=\"summary_large_image\" \/>\n<meta name=\"twitter:label1\" content=\"Est. tempo de leitura\" \/>\n\t<meta name=\"twitter:data1\" content=\"8 minutos\" \/>\n<script type=\"application\/ld+json\" class=\"yoast-schema-graph\">{\"@context\":\"https:\\\/\\\/schema.org\",\"@graph\":[{\"@type\":\"WebPage\",\"@id\":\"https:\\\/\\\/99massagem.com.br\\\/artigos\\\/privacidade-e-cookies\",\"url\":\"https:\\\/\\\/99massagem.com.br\\\/artigos\\\/privacidade-e-cookies\",\"name\":\"Privacidade e Cookies - 99massagem\",\"isPartOf\":{\"@id\":\"https:\\\/\\\/99massagem.com.br\\\/artigos\\\/#website\"},\"datePublished\":\"2024-11-13T01:08:16+00:00\",\"dateModified\":\"2024-11-13T01:08:39+00:00\",\"breadcrumb\":{\"@id\":\"https:\\\/\\\/99massagem.com.br\\\/artigos\\\/privacidade-e-cookies#breadcrumb\"},\"inLanguage\":\"pt-BR\",\"potentialAction\":[{\"@type\":\"ReadAction\",\"target\":[\"https:\\\/\\\/99massagem.com.br\\\/artigos\\\/privacidade-e-cookies\"]}]},{\"@type\":\"BreadcrumbList\",\"@id\":\"https:\\\/\\\/99massagem.com.br\\\/artigos\\\/privacidade-e-cookies#breadcrumb\",\"itemListElement\":[{\"@type\":\"ListItem\",\"position\":1,\"name\":\"In\u00edcio\",\"item\":\"https:\\\/\\\/99massagem.com.br\\\/artigos\"},{\"@type\":\"ListItem\",\"position\":2,\"name\":\"Privacidade e Cookies\"}]},{\"@type\":\"WebSite\",\"@id\":\"https:\\\/\\\/99massagem.com.br\\\/artigos\\\/#website\",\"url\":\"https:\\\/\\\/99massagem.com.br\\\/artigos\\\/\",\"name\":\"99massagem\",\"description\":\"O 99massagem traz curiosidades e informa&ccedil;&otilde;es interessantes sobre massagens. Explore t&eacute;cnicas, benef&iacute;cios e tend&ecirc;ncias da massoterapia, al&eacute;m de aspectos culturais. Com posts frequentes, o blog &eacute; ideal para quem busca entender e se inspirar no mundo das massagens\",\"publisher\":{\"@id\":\"https:\\\/\\\/99massagem.com.br\\\/artigos\\\/#organization\"},\"potentialAction\":[{\"@type\":\"SearchAction\",\"target\":{\"@type\":\"EntryPoint\",\"urlTemplate\":\"https:\\\/\\\/99massagem.com.br\\\/artigos\\\/?s={search_term_string}\"},\"query-input\":{\"@type\":\"PropertyValueSpecification\",\"valueRequired\":true,\"valueName\":\"search_term_string\"}}],\"inLanguage\":\"pt-BR\"},{\"@type\":\"Organization\",\"@id\":\"https:\\\/\\\/99massagem.com.br\\\/artigos\\\/#organization\",\"name\":\"99massagem\",\"url\":\"https:\\\/\\\/99massagem.com.br\\\/artigos\\\/\",\"logo\":{\"@type\":\"ImageObject\",\"inLanguage\":\"pt-BR\",\"@id\":\"https:\\\/\\\/99massagem.com.br\\\/artigos\\\/#\\\/schema\\\/logo\\\/image\\\/\",\"url\":\"https:\\\/\\\/99massagem.com.br\\\/artigos\\\/wp-content\\\/uploads\\\/2024\\\/10\\\/99-massagem-logo.webp\",\"contentUrl\":\"https:\\\/\\\/99massagem.com.br\\\/artigos\\\/wp-content\\\/uploads\\\/2024\\\/10\\\/99-massagem-logo.webp\",\"width\":372,\"height\":75,\"caption\":\"99massagem\"},\"image\":{\"@id\":\"https:\\\/\\\/99massagem.com.br\\\/artigos\\\/#\\\/schema\\\/logo\\\/image\\\/\"}}]}<\/script>\n<!-- \/ Yoast SEO plugin. -->","yoast_head_json":{"title":"Privacidade e Cookies - 99massagem","robots":{"index":"noindex","follow":"follow"},"og_locale":"pt_BR","og_type":"article","og_title":"Privacidade e Cookies - 99massagem","og_description":"A sua privacidade \u00e9 fundamental para n\u00f3s, e no 99massagem, estamos comprometidos em proteger e respeitar as informa\u00e7\u00f5es pessoais dos nossos visitantes. Esta Pol\u00edtica de Privacidade e Cookies explica como coletamos, utilizamos e protegemos seus dados, al\u00e9m de como utilizamos cookies para melhorar sua experi\u00eancia em nosso site. 1. Informa\u00e7\u00f5es que coletamos Coletamos informa\u00e7\u00f5es dos [&hellip;]","og_url":"https:\/\/99massagem.com.br\/artigos\/privacidade-e-cookies","og_site_name":"99massagem","article_modified_time":"2024-11-13T01:08:39+00:00","twitter_card":"summary_large_image","twitter_misc":{"Est. tempo de leitura":"8 minutos"},"schema":{"@context":"https:\/\/schema.org","@graph":[{"@type":"WebPage","@id":"https:\/\/99massagem.com.br\/artigos\/privacidade-e-cookies","url":"https:\/\/99massagem.com.br\/artigos\/privacidade-e-cookies","name":"Privacidade e Cookies - 99massagem","isPartOf":{"@id":"https:\/\/99massagem.com.br\/artigos\/#website"},"datePublished":"2024-11-13T01:08:16+00:00","dateModified":"2024-11-13T01:08:39+00:00","breadcrumb":{"@id":"https:\/\/99massagem.com.br\/artigos\/privacidade-e-cookies#breadcrumb"},"inLanguage":"pt-BR","potentialAction":[{"@type":"ReadAction","target":["https:\/\/99massagem.com.br\/artigos\/privacidade-e-cookies"]}]},{"@type":"BreadcrumbList","@id":"https:\/\/99massagem.com.br\/artigos\/privacidade-e-cookies#breadcrumb","itemListElement":[{"@type":"ListItem","position":1,"name":"In\u00edcio","item":"https:\/\/99massagem.com.br\/artigos"},{"@type":"ListItem","position":2,"name":"Privacidade e Cookies"}]},{"@type":"WebSite","@id":"https:\/\/99massagem.com.br\/artigos\/#website","url":"https:\/\/99massagem.com.br\/artigos\/","name":"99massagem","description":"O 99massagem traz curiosidades e informa&ccedil;&otilde;es interessantes sobre massagens. Explore t&eacute;cnicas, benef&iacute;cios e tend&ecirc;ncias da massoterapia, al&eacute;m de aspectos culturais. Com posts frequentes, o blog &eacute; ideal para quem busca entender e se inspirar no mundo das massagens","publisher":{"@id":"https:\/\/99massagem.com.br\/artigos\/#organization"},"potentialAction":[{"@type":"SearchAction","target":{"@type":"EntryPoint","urlTemplate":"https:\/\/99massagem.com.br\/artigos\/?s={search_term_string}"},"query-input":{"@type":"PropertyValueSpecification","valueRequired":true,"valueName":"search_term_string"}}],"inLanguage":"pt-BR"},{"@type":"Organization","@id":"https:\/\/99massagem.com.br\/artigos\/#organization","name":"99massagem","url":"https:\/\/99massagem.com.br\/artigos\/","logo":{"@type":"ImageObject","inLanguage":"pt-BR","@id":"https:\/\/99massagem.com.br\/artigos\/#\/schema\/logo\/image\/","url":"https:\/\/99massagem.com.br\/artigos\/wp-content\/uploads\/2024\/10\/99-massagem-logo.webp","contentUrl":"https:\/\/99massagem.com.br\/artigos\/wp-content\/uploads\/2024\/10\/99-massagem-logo.webp","width":372,"height":75,"caption":"99massagem"},"image":{"@id":"https:\/\/99massagem.com.br\/artigos\/#\/schema\/logo\/image\/"}}]}},"_links":{"self":[{"href":"https:\/\/99massagem.com.br\/artigos\/wp-json\/wp\/v2\/pages\/312","targetHints":{"allow":["GET"]}}],"collection":[{"href":"https:\/\/99massagem.com.br\/artigos\/wp-json\/wp\/v2\/pages"}],"about":[{"href":"https:\/\/99massagem.com.br\/artigos\/wp-json\/wp\/v2\/types\/page"}],"author":[{"embeddable":true,"href":"https:\/\/99massagem.com.br\/artigos\/wp-json\/wp\/v2\/users\/1"}],"replies":[{"embeddable":true,"href":"https:\/\/99massagem.com.br\/artigos\/wp-json\/wp\/v2\/comments?post=312"}],"version-history":[{"count":1,"href":"https:\/\/99massagem.com.br\/artigos\/wp-json\/wp\/v2\/pages\/312\/revisions"}],"predecessor-version":[{"id":313,"href":"https:\/\/99massagem.com.br\/artigos\/wp-json\/wp\/v2\/pages\/312\/revisions\/313"}],"wp:attachment":[{"href":"https:\/\/99massagem.com.br\/artigos\/wp-json\/wp\/v2\/media?parent=312"}],"curies":[{"name":"wp","href":"https:\/\/api.w.org\/{rel}","templated":true}]}}