{"id":307,"date":"2024-11-13T01:06:14","date_gmt":"2024-11-13T01:06:14","guid":{"rendered":"http:\/\/blog.99massagem.com.br\/?page_id=307"},"modified":"2024-11-13T01:06:14","modified_gmt":"2024-11-13T01:06:14","slug":"quem-somos","status":"publish","type":"page","link":"https:\/\/99massagem.com.br\/artigos\/quem-somos","title":{"rendered":"Quem somos"},"content":{"rendered":"<p>O blog <strong>99Massagem<\/strong> nasceu com uma miss\u00e3o clara: promover o bem-estar e a sa\u00fade por meio de conte\u00fados de alta qualidade sobre o universo das terapias corporais. Somos apaixonados por temas que envolvem relaxamento, equil\u00edbrio f\u00edsico e mental, e o poder transformador que a massagem e outras pr\u00e1ticas terap\u00eauticas podem trazer para o corpo e a mente.<\/p>\n<p>Nosso espa\u00e7o \u00e9 feito para quem busca informa\u00e7\u00f5es confi\u00e1veis, dicas valiosas e uma leitura prazerosa, seja voc\u00ea um profissional da \u00e1rea, algu\u00e9m que est\u00e1 em busca de aliviar tens\u00f5es ou quem simplesmente deseja explorar novos caminhos para uma vida mais saud\u00e1vel e harmoniosa.<\/p>\n<p>Com uma equipe formada por especialistas em massagem e colunistas dedicados ao estudo das terapias corporais, nos esfor\u00e7amos para trazer as \u00faltimas novidades, t\u00e9cnicas e tend\u00eancias do setor. Aqui, voc\u00ea vai encontrar desde orienta\u00e7\u00f5es sobre os tipos mais comuns de massagem at\u00e9 reflex\u00f5es sobre a import\u00e2ncia do toque e da presen\u00e7a em nosso cotidiano agitado.<\/p>\n<h3>Nossa Vis\u00e3o e Compromisso<\/h3>\n<p>Acreditamos que a massagem \u00e9 uma ferramenta poderosa e acess\u00edvel para restaurar o equil\u00edbrio e a sa\u00fade. Por isso, nosso compromisso \u00e9 compartilhar conhecimentos que possam transformar a vida de quem l\u00ea. Queremos que cada artigo inspire o autocuidado, reforce a import\u00e2ncia da pausa e contribua para que nossos leitores fa\u00e7am escolhas conscientes sobre sua sa\u00fade e bem-estar.<\/p>\n<p>Aqui no 99Massagem, nosso foco \u00e9 ser uma fonte confi\u00e1vel de aprendizado e uma ponte entre voc\u00ea e os benef\u00edcios que a massagem pode oferecer. Sabemos que o caminho para uma vida mais plena e saud\u00e1vel come\u00e7a com a informa\u00e7\u00e3o e com a atitude de cuidar de si.<\/p>\n<p><strong>Seja bem-vindo!<\/strong><\/p>\n","protected":false},"excerpt":{"rendered":"<p>O blog 99Massagem nasceu com uma miss\u00e3o clara: promover o bem-estar e a sa\u00fade por meio de conte\u00fados de alta qualidade sobre o universo das terapias corporais. Somos apaixonados por temas que envolvem relaxamento, equil\u00edbrio f\u00edsico e mental, e o poder transformador que a massagem e outras pr\u00e1ticas terap\u00eauticas podem trazer para o corpo e [&hellip;]<\/p>\n","protected":false},"author":1,"featured_media":0,"parent":0,"menu_order":0,"comment_status":"closed","ping_status":"closed","template":"","meta":{"footnotes":""},"class_list":["post-307","page","type-page","status-publish","hentry"],"yoast_head":"<!-- This site is optimized with the Yoast SEO plugin v27.5 - https:\/\/yoast.com\/product\/yoast-seo-wordpress\/ -->\n<title>Quem somos - 99massagem<\/title>\n<meta name=\"robots\" content=\"noindex, follow\" \/>\n<meta property=\"og:locale\" content=\"pt_BR\" \/>\n<meta property=\"og:type\" content=\"article\" \/>\n<meta property=\"og:title\" content=\"Quem somos - 99massagem\" \/>\n<meta property=\"og:description\" content=\"O blog 99Massagem nasceu com uma miss\u00e3o clara: promover o bem-estar e a sa\u00fade por meio de conte\u00fados de alta qualidade sobre o universo das terapias corporais. Somos apaixonados por temas que envolvem relaxamento, equil\u00edbrio f\u00edsico e mental, e o poder transformador que a massagem e outras pr\u00e1ticas terap\u00eauticas podem trazer para o corpo e [&hellip;]\" \/>\n<meta property=\"og:url\" content=\"https:\/\/99massagem.com.br\/artigos\/quem-somos\" \/>\n<meta property=\"og:site_name\" content=\"99massagem\" \/>\n<meta name=\"twitter:card\" content=\"summary_large_image\" \/>\n<meta name=\"twitter:label1\" content=\"Est. tempo de leitura\" \/>\n\t<meta name=\"twitter:data1\" content=\"1 minuto\" \/>\n<script type=\"application\/ld+json\" class=\"yoast-schema-graph\">{\"@context\":\"https:\\\/\\\/schema.org\",\"@graph\":[{\"@type\":\"WebPage\",\"@id\":\"https:\\\/\\\/99massagem.com.br\\\/artigos\\\/quem-somos\",\"url\":\"https:\\\/\\\/99massagem.com.br\\\/artigos\\\/quem-somos\",\"name\":\"Quem somos - 99massagem\",\"isPartOf\":{\"@id\":\"https:\\\/\\\/99massagem.com.br\\\/artigos\\\/#website\"},\"datePublished\":\"2024-11-13T01:06:14+00:00\",\"breadcrumb\":{\"@id\":\"https:\\\/\\\/99massagem.com.br\\\/artigos\\\/quem-somos#breadcrumb\"},\"inLanguage\":\"pt-BR\",\"potentialAction\":[{\"@type\":\"ReadAction\",\"target\":[\"https:\\\/\\\/99massagem.com.br\\\/artigos\\\/quem-somos\"]}]},{\"@type\":\"BreadcrumbList\",\"@id\":\"https:\\\/\\\/99massagem.com.br\\\/artigos\\\/quem-somos#breadcrumb\",\"itemListElement\":[{\"@type\":\"ListItem\",\"position\":1,\"name\":\"In\u00edcio\",\"item\":\"https:\\\/\\\/99massagem.com.br\\\/artigos\"},{\"@type\":\"ListItem\",\"position\":2,\"name\":\"Quem somos\"}]},{\"@type\":\"WebSite\",\"@id\":\"https:\\\/\\\/99massagem.com.br\\\/artigos\\\/#website\",\"url\":\"https:\\\/\\\/99massagem.com.br\\\/artigos\\\/\",\"name\":\"99massagem\",\"description\":\"O 99massagem traz curiosidades e informa&ccedil;&otilde;es interessantes sobre massagens. Explore t&eacute;cnicas, benef&iacute;cios e tend&ecirc;ncias da massoterapia, al&eacute;m de aspectos culturais. Com posts frequentes, o blog &eacute; ideal para quem busca entender e se inspirar no mundo das massagens\",\"publisher\":{\"@id\":\"https:\\\/\\\/99massagem.com.br\\\/artigos\\\/#organization\"},\"potentialAction\":[{\"@type\":\"SearchAction\",\"target\":{\"@type\":\"EntryPoint\",\"urlTemplate\":\"https:\\\/\\\/99massagem.com.br\\\/artigos\\\/?s={search_term_string}\"},\"query-input\":{\"@type\":\"PropertyValueSpecification\",\"valueRequired\":true,\"valueName\":\"search_term_string\"}}],\"inLanguage\":\"pt-BR\"},{\"@type\":\"Organization\",\"@id\":\"https:\\\/\\\/99massagem.com.br\\\/artigos\\\/#organization\",\"name\":\"99massagem\",\"url\":\"https:\\\/\\\/99massagem.com.br\\\/artigos\\\/\",\"logo\":{\"@type\":\"ImageObject\",\"inLanguage\":\"pt-BR\",\"@id\":\"https:\\\/\\\/99massagem.com.br\\\/artigos\\\/#\\\/schema\\\/logo\\\/image\\\/\",\"url\":\"https:\\\/\\\/99massagem.com.br\\\/artigos\\\/wp-content\\\/uploads\\\/2024\\\/10\\\/99-massagem-logo.webp\",\"contentUrl\":\"https:\\\/\\\/99massagem.com.br\\\/artigos\\\/wp-content\\\/uploads\\\/2024\\\/10\\\/99-massagem-logo.webp\",\"width\":372,\"height\":75,\"caption\":\"99massagem\"},\"image\":{\"@id\":\"https:\\\/\\\/99massagem.com.br\\\/artigos\\\/#\\\/schema\\\/logo\\\/image\\\/\"}}]}<\/script>\n<!-- \/ Yoast SEO plugin. -->","yoast_head_json":{"title":"Quem somos - 99massagem","robots":{"index":"noindex","follow":"follow"},"og_locale":"pt_BR","og_type":"article","og_title":"Quem somos - 99massagem","og_description":"O blog 99Massagem nasceu com uma miss\u00e3o clara: promover o bem-estar e a sa\u00fade por meio de conte\u00fados de alta qualidade sobre o universo das terapias corporais. Somos apaixonados por temas que envolvem relaxamento, equil\u00edbrio f\u00edsico e mental, e o poder transformador que a massagem e outras pr\u00e1ticas terap\u00eauticas podem trazer para o corpo e [&hellip;]","og_url":"https:\/\/99massagem.com.br\/artigos\/quem-somos","og_site_name":"99massagem","twitter_card":"summary_large_image","twitter_misc":{"Est. tempo de leitura":"1 minuto"},"schema":{"@context":"https:\/\/schema.org","@graph":[{"@type":"WebPage","@id":"https:\/\/99massagem.com.br\/artigos\/quem-somos","url":"https:\/\/99massagem.com.br\/artigos\/quem-somos","name":"Quem somos - 99massagem","isPartOf":{"@id":"https:\/\/99massagem.com.br\/artigos\/#website"},"datePublished":"2024-11-13T01:06:14+00:00","breadcrumb":{"@id":"https:\/\/99massagem.com.br\/artigos\/quem-somos#breadcrumb"},"inLanguage":"pt-BR","potentialAction":[{"@type":"ReadAction","target":["https:\/\/99massagem.com.br\/artigos\/quem-somos"]}]},{"@type":"BreadcrumbList","@id":"https:\/\/99massagem.com.br\/artigos\/quem-somos#breadcrumb","itemListElement":[{"@type":"ListItem","position":1,"name":"In\u00edcio","item":"https:\/\/99massagem.com.br\/artigos"},{"@type":"ListItem","position":2,"name":"Quem somos"}]},{"@type":"WebSite","@id":"https:\/\/99massagem.com.br\/artigos\/#website","url":"https:\/\/99massagem.com.br\/artigos\/","name":"99massagem","description":"O 99massagem traz curiosidades e informa&ccedil;&otilde;es interessantes sobre massagens. Explore t&eacute;cnicas, benef&iacute;cios e tend&ecirc;ncias da massoterapia, al&eacute;m de aspectos culturais. Com posts frequentes, o blog &eacute; ideal para quem busca entender e se inspirar no mundo das massagens","publisher":{"@id":"https:\/\/99massagem.com.br\/artigos\/#organization"},"potentialAction":[{"@type":"SearchAction","target":{"@type":"EntryPoint","urlTemplate":"https:\/\/99massagem.com.br\/artigos\/?s={search_term_string}"},"query-input":{"@type":"PropertyValueSpecification","valueRequired":true,"valueName":"search_term_string"}}],"inLanguage":"pt-BR"},{"@type":"Organization","@id":"https:\/\/99massagem.com.br\/artigos\/#organization","name":"99massagem","url":"https:\/\/99massagem.com.br\/artigos\/","logo":{"@type":"ImageObject","inLanguage":"pt-BR","@id":"https:\/\/99massagem.com.br\/artigos\/#\/schema\/logo\/image\/","url":"https:\/\/99massagem.com.br\/artigos\/wp-content\/uploads\/2024\/10\/99-massagem-logo.webp","contentUrl":"https:\/\/99massagem.com.br\/artigos\/wp-content\/uploads\/2024\/10\/99-massagem-logo.webp","width":372,"height":75,"caption":"99massagem"},"image":{"@id":"https:\/\/99massagem.com.br\/artigos\/#\/schema\/logo\/image\/"}}]}},"_links":{"self":[{"href":"https:\/\/99massagem.com.br\/artigos\/wp-json\/wp\/v2\/pages\/307","targetHints":{"allow":["GET"]}}],"collection":[{"href":"https:\/\/99massagem.com.br\/artigos\/wp-json\/wp\/v2\/pages"}],"about":[{"href":"https:\/\/99massagem.com.br\/artigos\/wp-json\/wp\/v2\/types\/page"}],"author":[{"embeddable":true,"href":"https:\/\/99massagem.com.br\/artigos\/wp-json\/wp\/v2\/users\/1"}],"replies":[{"embeddable":true,"href":"https:\/\/99massagem.com.br\/artigos\/wp-json\/wp\/v2\/comments?post=307"}],"version-history":[{"count":1,"href":"https:\/\/99massagem.com.br\/artigos\/wp-json\/wp\/v2\/pages\/307\/revisions"}],"predecessor-version":[{"id":308,"href":"https:\/\/99massagem.com.br\/artigos\/wp-json\/wp\/v2\/pages\/307\/revisions\/308"}],"wp:attachment":[{"href":"https:\/\/99massagem.com.br\/artigos\/wp-json\/wp\/v2\/media?parent=307"}],"curies":[{"name":"wp","href":"https:\/\/api.w.org\/{rel}","templated":true}]}}